{"id":1322,"date":"2026-01-15T20:31:28","date_gmt":"2026-01-15T20:31:28","guid":{"rendered":"https:\/\/gray-oryx-506348.hostingersite.com\/home\/"},"modified":"2026-01-16T06:05:35","modified_gmt":"2026-01-16T06:05:35","slug":"home","status":"publish","type":"page","link":"https:\/\/desertparadisebaja.com\/en\/","title":{"rendered":"Home"},"content":{"rendered":"<div data-spectra-id=\"spectra-mhj7dder-bl2e98\"\tstyle=\"overflow: visible; --spectra-background-color: var(--ast-global-color-7); --spectra-overlay-opacity: 0.3;\" class=\"spectra-is-root-container alignfull spectra-overlay-color spectra-overflow spectra-background-color spectra-dim-ratio wp-block-spectra-container\" data-orientation=\"vertical\"\t>\n\t\n<div data-spectra-id=\"spectra-a0520380-ctn1\" style=\"overflow: visible;--spectra-background-color: #000000;--spectra-overlay-opacity: 0.3;--spectra-box-shadow: 0px 0px 0px 0px transparent\" class=\"spectra-overlay-color spectra-overflow spectra-background-color spectra-dim-ratio spectra-box-shadow wp-block-spectra-container\" data-orientation=\"vertical\">\n\t\n\n<figure data-spectra-id=\"spectra-mkggmb43-a2640s\" class=\"wp-block-image aligncenter size-medium is-resized\"><img loading=\"lazy\" decoding=\"async\" width=\"300\" height=\"168\" src=\"https:\/\/desertparadisebaja.com\/wp-content\/uploads\/2026\/01\/Desert-Paradise-logo-WEB-300x168.png\" alt=\"desert paradise logo web\" class=\"wp-image-2803\" title=\"Home\" srcset=\"https:\/\/desertparadisebaja.com\/wp-content\/uploads\/2026\/01\/Desert-Paradise-logo-WEB-300x168.png 300w, https:\/\/desertparadisebaja.com\/wp-content\/uploads\/2026\/01\/Desert-Paradise-logo-WEB-1024x574.png 1024w, https:\/\/desertparadisebaja.com\/wp-content\/uploads\/2026\/01\/Desert-Paradise-logo-WEB-768x430.png 768w, https:\/\/desertparadisebaja.com\/wp-content\/uploads\/2026\/01\/Desert-Paradise-logo-WEB-18x10.png 18w, https:\/\/desertparadisebaja.com\/wp-content\/uploads\/2026\/01\/Desert-Paradise-logo-WEB.png 1071w\" sizes=\"auto, (max-width: 300px) 100vw, 300px\" \/><\/figure>\n\n\n\n<div class=\"wp-block-group is-nowrap is-layout-flex wp-container-core-group-is-layout-6c531013 wp-block-group-is-layout-flex\">\t<h1 data-spectra-id=\"spectra-a0520380-prefix\" style=\"--spectra-text-color: ast-global-color-5\" class=\"has-text-color spectra-text-color wp-block-spectra-content has-text-color has-ast-global-color-5-color\">\n\t\tDesarrollo inmobiliario frente al Mar de Cort\u00e9s en Baja California\t<\/h1>\n<\/div>\n\n\n\n<div class=\"wp-block-group is-nowrap is-layout-flex wp-container-core-group-is-layout-6c531013 wp-block-group-is-layout-flex\">\t<h2 data-spectra-id=\"spectra-78916d99-9605-49a0-ac60-8f0df91f6203\" style=\"--spectra-text-color: ast-global-color-5\" class=\"has-text-color spectra-text-color wp-block-spectra-content has-text-color has-ast-global-color-5-color\">\n\t\tCasas y terrenos con vista al mar\t<\/h2>\n<\/div>\n\n\n\n<div class=\"wp-block-group is-nowrap is-layout-flex wp-container-core-group-is-layout-6c531013 wp-block-group-is-layout-flex\">\n<p class=\"has-ast-global-color-4-color has-text-color has-link-color wp-elements-9ac0ad5225c032983d71dfaec3ffa683\">Desarrollo inmobiliario exclusivo frente al Mar de Cort\u00e9s, con casas y terrenos dise\u00f1ados para disfrutar la vista al mar, la tranquilidad y la plusval\u00eda de Baja California. Ideal para inversi\u00f3n, descanso o residencia permanente.<\/p>\n<\/div>\n\n\n<div data-spectra-id=\"spectra-a0520380-btns\" class=\"wp-block-button spectra-buttons wp-block-spectra-buttons\">\n\t\n<a data-spectra-id=\"spectra-a0520380-btn\" href=\"#contacto\" target=\"_self\" aria-label=\"Agenda tu Visita\" style=\"--spectra-text-color: ast-global-color-2;--spectra-text-color-hover: var(--ast-global-color-2);--spectra-background-color: ast-global-color-0;--spectra-background-color-hover: var(--ast-global-color-1)\" class=\"wp-block-button__link wp-element-button spectra-text-color spectra-text-color-hover spectra-background-color spectra-background-color-hover wp-block-spectra-button has-text-color has-ast-global-color-2-color has-background has-ast-global-color-0-background-color\">\n<div class=\"spectra-button__link\">Agenda tu Visita<\/div><\/a>\n\n\n<a data-spectra-id=\"spectra-d2c2682e-639c-4758-b21a-510e439057b9\" href=\"#contacto\" target=\"_self\" aria-label=\"Agenda tu Visita\" style=\"--spectra-text-color: ast-global-color-2;--spectra-text-color-hover: var(--ast-global-color-2);--spectra-background-color: ast-global-color-0;--spectra-background-color-hover: var(--ast-global-color-1)\" class=\"wp-block-button__link wp-element-button spectra-text-color spectra-text-color-hover spectra-background-color spectra-background-color-hover wp-block-spectra-button has-text-color has-ast-global-color-2-color has-background has-ast-global-color-0-background-color\">\n<div class=\"spectra-button__link\">Agenda tu Visita<\/div><\/a>\n\n<\/div>\n\n<\/div>\n\n<\/div>\n\n\n<div data-spectra-id=\"spectra-mhj7i8z3-73psdv\"\tstyle=\"overflow: visible;\" class=\"spectra-is-root-container alignfull spectra-overlay-color spectra-overflow wp-block-spectra-container\" data-orientation=\"vertical\"\t>\n\t\n\t<h2 data-spectra-id=\"spectra-mfkv79mu-ae1odz\" style=\"--spectra-text-color: ast-global-color-2\" class=\"has-text-color has-link-color spectra-text-color wp-elements-3a02900627c106ecd763569a431c2508 wp-block-spectra-content has-text-color has-ast-global-color-2-color\">\n\t\tOur Services\t<\/h2>\n\n\n<div data-spectra-id=\"spectra-mfkv85dv-ogy4n8\" style=\"display: flex;justify-content: center\" class=\"wp-block-spectra-separator spectra-separator-color wp-block-spectra-separator\">\n\t<div class=\"spectra-separator-line\" style=\"margin-left: auto;margin-right: auto;background-color: var(--ast-global-color-0)\"><\/div>\n<\/div>\n\n\n<div data-spectra-id=\"fd1f4853\" style=\"overflow: visible\" class=\"spectra-overlay-color spectra-overflow wp-block-spectra-container\" data-orientation=\"vertical\">\n\t\n<div data-spectra-id=\"spectra-mfkur943-9bgt9c\" style=\"overflow: visible\" class=\"spectra-overlay-color spectra-overflow wp-block-spectra-container\" data-orientation=\"vertical\">\n\t\n<div data-spectra-id=\"spectra-mfkurneh-k3qzey\" style=\"overflow: visible\" class=\"spectra-overlay-color spectra-overflow wp-block-spectra-container\" data-orientation=\"vertical\">\n\t\n\n<figure data-spectra-id=\"spectra-mfxyzrxn-wfoxus\" class=\"wp-block-image size-full\"><img loading=\"lazy\" decoding=\"async\" width=\"370\" height=\"500\" src=\"https:\/\/desertparadisebaja.com\/wp-content\/uploads\/2021\/11\/service-1.jpg\" alt=\"Service 1\" class=\"wp-image-109\" title=\"Home\"><\/figure>\n\n\n<div data-spectra-id=\"spectra-mfkvd3f2-62n72w\" style=\"overflow: visible\" class=\"spectra-overlay-color spectra-overflow wp-block-spectra-container\" data-orientation=\"vertical\">\n\t\n\t<h3 data-spectra-id=\"spectra-mfkv3kef-4a4z7b\" style=\"--spectra-text-color: ast-global-color-2\" class=\"has-text-color has-link-color spectra-text-color wp-elements-e1a17a3091048df9c14c57e0fb89b955 wp-block-spectra-content has-text-color has-ast-global-color-2-color\">\n\t\tWeb Design\t<\/h3>\n\n\n\t<p data-spectra-id=\"spectra-mfkv3xzn-o7xg4m\" style=\"--spectra-text-color: ast-global-color-6\" class=\"has-text-color has-link-color spectra-text-color wp-elements-bc393386a9ae4afb9171339d71cb74b7 wp-block-spectra-content has-text-color has-ast-global-color-6-color\">\n\t\tFocus on how you can help and benefit your user. Use simple words so that you don&#8217;t confuse people.\t<\/p>\n\n<\/div>\n\n<\/div>\n\n\n<div data-spectra-id=\"spectra-mfkurnej-skp6ml\" style=\"overflow: visible\" class=\"spectra-overlay-color spectra-overflow wp-block-spectra-container\" data-orientation=\"vertical\">\n\t\n\n<figure data-spectra-id=\"spectra-mfxyzrxq-wy6zdn\" class=\"wp-block-image size-full\"><img loading=\"lazy\" decoding=\"async\" width=\"370\" height=\"500\" src=\"https:\/\/desertparadisebaja.com\/wp-content\/uploads\/2021\/11\/service-2.jpg\" alt=\"Service 2\" class=\"wp-image-110\" title=\"Home\"><\/figure>\n\n\n<div data-spectra-id=\"spectra-a5ac3695-9063-4777-b899-829b8d1dd93b\" style=\"overflow: visible\" class=\"spectra-overlay-color spectra-overflow wp-block-spectra-container\" data-orientation=\"vertical\">\n\t\n\t<h3 data-spectra-id=\"spectra-484fbb74-cc26-4c95-84f3-35aba20542f1\" style=\"--spectra-text-color: ast-global-color-2\" class=\"has-text-color has-link-color spectra-text-color wp-elements-008eeccb297e44bc160a2d7e7527f782 wp-block-spectra-content has-text-color has-ast-global-color-2-color\">\n\t\tGraphic Design\t<\/h3>\n\n\n\t<p data-spectra-id=\"spectra-837fe4a8-ed0f-4d2a-b8ce-2a35410a017c\" style=\"--spectra-text-color: ast-global-color-6\" class=\"has-text-color has-link-color spectra-text-color wp-elements-2ff13ae5b4dd7b6a66bb7c8c75b5628a wp-block-spectra-content has-text-color has-ast-global-color-6-color\">\n\t\tFocus on how you can help and benefit your user. Use simple words so that you don&#8217;t confuse people.\t<\/p>\n\n<\/div>\n\n<\/div>\n\n\n<div data-spectra-id=\"spectra-mfkurnem-abxsa6\" style=\"overflow: visible\" class=\"spectra-overlay-color spectra-overflow wp-block-spectra-container\" data-orientation=\"vertical\">\n\t\n\n<figure data-spectra-id=\"spectra-mfxyzrxr-8u1k4r\" class=\"wp-block-image size-full\"><img loading=\"lazy\" decoding=\"async\" width=\"370\" height=\"500\" src=\"https:\/\/desertparadisebaja.com\/wp-content\/uploads\/2021\/11\/service-3.jpg\" alt=\"Service 3\" class=\"wp-image-108\" title=\"Home\"><\/figure>\n\n\n<div data-spectra-id=\"spectra-bad8cef9-36fc-45f8-81a6-46b17d3ac706\" style=\"overflow: visible\" class=\"spectra-overlay-color spectra-overflow wp-block-spectra-container\" data-orientation=\"vertical\">\n\t\n\t<h3 data-spectra-id=\"spectra-ec15441e-b913-414a-942e-ca13768c785c\" style=\"--spectra-text-color: ast-global-color-2\" class=\"has-text-color has-link-color spectra-text-color wp-elements-1f546a8dacd007f1d1dae89a029b64ee wp-block-spectra-content has-text-color has-ast-global-color-2-color\">\n\t\tContent Creation\t<\/h3>\n\n\n\t<p data-spectra-id=\"spectra-cd6ad307-e447-456d-a3ca-5bd81b5b6b14\" style=\"--spectra-text-color: ast-global-color-6\" class=\"has-text-color has-link-color spectra-text-color wp-elements-8e4733021571e90cdcc4eb7b80e244ed wp-block-spectra-content has-text-color has-ast-global-color-6-color\">\n\t\tFocus on how you can help and benefit your user. Use simple words so that you don&#8217;t confuse people.\t<\/p>\n\n<\/div>\n\n<\/div>\n\n<\/div>\n\n<\/div>\n\n<\/div>\n\n\n<div data-spectra-id=\"spectra-mfm5aexv-u06muj\"\tstyle=\"overflow: visible; --spectra-background-color: var(--ast-global-color-4);\" class=\"spectra-is-root-container alignfull spectra-overlay-color spectra-overflow spectra-background-color wp-block-spectra-container\" data-orientation=\"vertical\"\t>\n\t\n\n<figure data-spectra-id=\"spectra-mfxyzrxt-q0tova\" class=\"wp-block-image aligncenter size-large is-resized\"><img decoding=\"async\" src=\"https:\/\/desertparadisebaja.com\/wp-content\/uploads\/2021\/11\/quotes.svg\" alt=\"Quotes\" class=\"wp-image-117\" title=\"quotes\"><\/figure>\n\n\n<div data-spectra-id=\"spectra-13dfe23a-root\" style=\"overflow: visible\" class=\"spectra-overlay-color spectra-overflow wp-block-spectra-container\" data-orientation=\"vertical\">\n\t\n\t<h4 data-spectra-id=\"spectra-13dfe23a-title\" style=\"--spectra-text-color: ast-global-color-2\" class=\"has-text-color has-link-color spectra-text-color wp-elements-87b866b672995ee306a505fd1890d715 wp-block-spectra-content has-text-color has-ast-global-color-2-color\">\n\t\t\u201cOriginal and with an innate understanding of their customer\u2019s needs, the team at Love Nature are always a pleasure to work with.\u201d\t<\/h4>\n\n\n\n<figure data-spectra-id=\"spectra-mfxyzrxu-ncy125\" class=\"wp-block-image aligncenter is-resized has-custom-border\"><img loading=\"lazy\" decoding=\"async\" width=\"128\" height=\"128\" src=\"https:\/\/desertparadisebaja.com\/wp-content\/uploads\/2021\/11\/avatar_on_home.png\" alt=\"Avatar On Home\" class=\"wp-image-924\" title=\"Home\" srcset=\"https:\/\/desertparadisebaja.com\/wp-content\/uploads\/2021\/11\/avatar_on_home.png 128w, https:\/\/desertparadisebaja.com\/wp-content\/uploads\/2021\/11\/avatar_on_home-12x12.png 12w\" sizes=\"auto, (max-width: 128px) 100vw, 128px\" \/><\/figure>\n\n\n\t<p data-spectra-id=\"spectra-13dfe23a-desc\" style=\"--spectra-text-color: ast-global-color-6\" class=\"has-text-color has-link-color spectra-text-color wp-elements-4fdd66c07b53e8ce61f9394169baf6a6 wp-block-spectra-content has-text-color has-ast-global-color-6-color\">\n\t\tJane Miller\t<\/p>\n\n<\/div>\n\n<\/div>\n\n\n<div data-spectra-id=\"spectra-mfl4iiad-3vvgro\"\tstyle=\"overflow: visible;\" class=\"spectra-is-root-container alignfull spectra-overlay-color spectra-overflow wp-block-spectra-container\" data-orientation=\"vertical\"\t>\n\t\n<div data-spectra-id=\"spectra-mfl4j1jt-q366ip\" style=\"overflow: visible\" class=\"spectra-overlay-color spectra-overflow wp-block-spectra-container\" data-orientation=\"vertical\">\n\t\n<div data-spectra-id=\"spectra-mfl4j5x0-2cvpvg\" style=\"overflow: visible\" class=\"spectra-overlay-color spectra-overflow wp-block-spectra-container\" data-orientation=\"vertical\">\n\t\n\t<span data-spectra-id=\"spectra-mflylox5-3j2fjy\" style=\"--spectra-text-color: ast-global-color-6\" class=\"has-text-color has-link-color spectra-text-color wp-elements-dbb6b1108402d4e1245d9efd8caca308 wp-block-spectra-content has-text-color has-ast-global-color-6-color\">\n\t\tABOUT US\t<\/span>\n\n\n\t<h4 data-spectra-id=\"spectra-mfm4cn57-3j10w9\" style=\"--spectra-text-color: ast-global-color-2\" class=\"has-text-color has-link-color spectra-text-color wp-elements-41d606f4c585c6d153332bcca11c72c1 wp-block-spectra-content has-text-color has-ast-global-color-2-color\">\n\t\tTell website visitors who you are and why they should choose your business.\t<\/h4>\n\n\n\t<p data-spectra-id=\"spectra-mfm4dupl-34otdi\" style=\"--spectra-text-color: ast-global-color-6\" class=\"has-text-color has-link-color spectra-text-color wp-elements-f33c7bc2a63c009ccafd15d70bb917f0 wp-block-spectra-content has-text-color has-ast-global-color-6-color\">\n\t\tBecause when a visitor first lands on your website, you\u2019re a stranger to them. They have to get to know you in order to want to read your blog posts, subscribe to your email newsletter, or buy what you\u2019re selling.\t<\/p>\n\n\n<div data-spectra-id=\"spectra-mfm4e5cj-sn5he7\" class=\"wp-block-button spectra-buttons wp-block-spectra-buttons\">\n\t\n<a data-spectra-id=\"spectra-mfm4e5fk-rqmd7p\" href=\"#\" target=\"_self\" aria-label=\"Find Out More\" style=\"--spectra-text-color: ast-global-color-2;--spectra-text-color-hover: var(--ast-global-color-6);--spectra-background-color: ast-global-color-5\" class=\"wp-block-button__link wp-element-button spectra-text-color spectra-text-color-hover spectra-background-color wp-elements-b703336ca7d9f88a79c1595abca8a724 wp-block-spectra-button has-text-color has-ast-global-color-2-color has-background has-ast-global-color-5-background-color\">\n<div class=\"spectra-button__link\">Find Out More<\/div><\/a>\n\n<\/div>\n\n<\/div>\n\n\n<div data-spectra-id=\"spectra-mfl4j5x2-edu4k9\" style=\"overflow: hidden\" class=\"spectra-overlay-color spectra-overflow wp-block-spectra-container\" data-orientation=\"vertical\">\n\t\n\n<figure data-spectra-id=\"spectra-mfxyzrxv-c3u5qe\" class=\"wp-block-image size-full\"><img loading=\"lazy\" decoding=\"async\" width=\"470\" height=\"570\" src=\"https:\/\/desertparadisebaja.com\/wp-content\/uploads\/2021\/11\/leaf.jpg\" alt=\"Leaf\" class=\"wp-image-145\" title=\"Home\"><\/figure>\n\n<\/div>\n\n<\/div>\n\n<\/div>\n\n\n<div data-spectra-id=\"spectra-mfm5x7am-wbcwwf\"\tstyle=\"overflow: visible;\" class=\"spectra-is-root-container alignfull spectra-overlay-color spectra-overflow wp-block-spectra-container\" data-orientation=\"vertical\"\t>\n\t\n<div data-spectra-id=\"spectra-mfm5xese-x3ubqd\" style=\"overflow: visible\" class=\"spectra-overlay-color spectra-overflow wp-block-spectra-container\" data-orientation=\"vertical\">\n\t\n\t<h1 data-spectra-id=\"spectra-mfm5xskx-q83axd\" style=\"--spectra-text-color: ast-global-color-2\" class=\"has-text-color has-link-color spectra-text-color wp-elements-02eb2c12df42a8b81517475057afde23 wp-block-spectra-content has-text-color has-ast-global-color-2-color\">\n\t\tQUESTIONS?\t<\/h1>\n\n\n\t<p data-spectra-id=\"spectra-mfm5zq53-0xuqn5\" style=\"--spectra-text-color: ast-global-color-6\" class=\"has-text-color has-link-color spectra-text-color wp-elements-cbab5ad3a0211e8e5725189e0566aaab wp-block-spectra-content has-text-color has-ast-global-color-6-color\">\n\t\tWhether you\u2019re curious about features, a free trial, or even press, we\u2019re here to answer any questions.\t<\/p>\n\n\n<div data-spectra-id=\"spectra-mfm604ha-4ysifz\" class=\"wp-block-button spectra-buttons wp-block-spectra-buttons\">\n\t\n<a data-spectra-id=\"spectra-mfm604k4-odulh6\" href=\"#\" target=\"_self\" aria-label=\"Let&#039;s Talk Now\" style=\"--spectra-text-color: ast-global-color-2;--spectra-text-color-hover: var(--ast-global-color-6);--spectra-background-color: ast-global-color-0;--spectra-background-color-hover: var(--ast-global-color-1)\" class=\"wp-block-button__link wp-element-button spectra-text-color spectra-text-color-hover spectra-background-color spectra-background-color-hover wp-elements-5e97e728b92973b6f24ad7650f4582d9 wp-block-spectra-button has-text-color has-ast-global-color-2-color has-background has-ast-global-color-0-background-color\">\n<div class=\"spectra-button__link\">Let&#8217;s Talk Now<\/div><\/a>\n\n<\/div>\n\n<\/div>\n\n<\/div>\n\n\n\n<p><\/p>","protected":false},"excerpt":{"rendered":"","protected":false},"author":1,"featured_media":0,"parent":0,"menu_order":0,"comment_status":"closed","ping_status":"closed","template":"","meta":{"_uag_custom_page_level_css":"","site-sidebar-layout":"no-sidebar","site-content-layout":"page-builder","ast-site-content-layout":"full-width-container","site-content-style":"unboxed","site-sidebar-style":"unboxed","ast-global-header-display":"","ast-banner-title-visibility":"","ast-main-header-display":"","ast-hfb-above-header-display":"","ast-hfb-below-header-display":"","ast-hfb-mobile-header-display":"","site-post-title":"disabled","ast-breadcrumbs-content":"","ast-featured-img":"disabled","footer-sml-layout":"","ast-disable-related-posts":"","theme-transparent-header-meta":"enabled","adv-header-id-meta":"","stick-header-meta":"","header-above-stick-meta":"","header-main-stick-meta":"","header-below-stick-meta":"","astra-migrate-meta-layouts":"set","ast-page-background-enabled":"default","ast-page-background-meta":{"desktop":{"background-color":"var(--ast-global-color-4)","background-image":"","background-repeat":"repeat","background-position":"center center","background-size":"auto","background-attachment":"scroll","background-type":"","background-media":"","overlay-type":"","overlay-color":"","overlay-opacity":"","overlay-gradient":""},"tablet":{"background-color":"","background-image":"","background-repeat":"repeat","background-position":"center center","background-size":"auto","background-attachment":"scroll","background-type":"","background-media":"","overlay-type":"","overlay-color":"","overlay-opacity":"","overlay-gradient":""},"mobile":{"background-color":"","background-image":"","background-repeat":"repeat","background-position":"center center","background-size":"auto","background-attachment":"scroll","background-type":"","background-media":"","overlay-type":"","overlay-color":"","overlay-opacity":"","overlay-gradient":""}},"ast-content-background-meta":{"desktop":{"background-color":"var(--ast-global-color-5)","background-image":"","background-repeat":"repeat","background-position":"center center","background-size":"auto","background-attachment":"scroll","background-type":"","background-media":"","overlay-type":"","overlay-color":"","overlay-opacity":"","overlay-gradient":""},"tablet":{"background-color":"var(--ast-global-color-5)","background-image":"","background-repeat":"repeat","background-position":"center center","background-size":"auto","background-attachment":"scroll","background-type":"","background-media":"","overlay-type":"","overlay-color":"","overlay-opacity":"","overlay-gradient":""},"mobile":{"background-color":"var(--ast-global-color-5)","background-image":"","background-repeat":"repeat","background-position":"center center","background-size":"auto","background-attachment":"scroll","background-type":"","background-media":"","overlay-type":"","overlay-color":"","overlay-opacity":"","overlay-gradient":""}},"footnotes":""},"class_list":["post-1322","page","type-page","status-publish","hentry"],"_hostinger_reach_plugin_has_subscription_block":false,"_hostinger_reach_plugin_is_elementor":false,"uagb_featured_image_src":{"full":false,"thumbnail":false,"medium":false,"medium_large":false,"large":false,"1536x1536":false,"2048x2048":false,"trp-custom-language-flag":false},"uagb_author_info":{"display_name":"kachupito21@gmail.com","author_link":"https:\/\/desertparadisebaja.com\/en\/author\/kachupito21gmail-com\/"},"uagb_comment_info":0,"uagb_excerpt":null,"_links":{"self":[{"href":"https:\/\/desertparadisebaja.com\/en\/wp-json\/wp\/v2\/pages\/1322","targetHints":{"allow":["GET"]}}],"collection":[{"href":"https:\/\/desertparadisebaja.com\/en\/wp-json\/wp\/v2\/pages"}],"about":[{"href":"https:\/\/desertparadisebaja.com\/en\/wp-json\/wp\/v2\/types\/page"}],"author":[{"embeddable":true,"href":"https:\/\/desertparadisebaja.com\/en\/wp-json\/wp\/v2\/users\/1"}],"replies":[{"embeddable":true,"href":"https:\/\/desertparadisebaja.com\/en\/wp-json\/wp\/v2\/comments?post=1322"}],"version-history":[{"count":16,"href":"https:\/\/desertparadisebaja.com\/en\/wp-json\/wp\/v2\/pages\/1322\/revisions"}],"predecessor-version":[{"id":2805,"href":"https:\/\/desertparadisebaja.com\/en\/wp-json\/wp\/v2\/pages\/1322\/revisions\/2805"}],"wp:attachment":[{"href":"https:\/\/desertparadisebaja.com\/en\/wp-json\/wp\/v2\/media?parent=1322"}],"curies":[{"name":"wp","href":"https:\/\/api.w.org\/{rel}","templated":true}]}}